{"id":239,"date":"2023-04-19T15:33:31","date_gmt":"2023-04-19T15:33:31","guid":{"rendered":"https:\/\/fazekasinsped.hu\/?page_id=239"},"modified":"2023-08-30T15:42:49","modified_gmt":"2023-08-30T13:42:49","slug":"fuvarozas","status":"publish","type":"page","link":"https:\/\/fazekasinsped.hu\/de\/fuvarozas\/","title":{"rendered":"Transport"},"content":{"rendered":"<div data-elementor-type=\"wp-page\" data-elementor-id=\"239\" class=\"elementor elementor-239\" data-elementor-post-type=\"page\">\n\t\t\t\t<div class=\"elementor-element elementor-element-26001a6 e-flex e-con-boxed e-con e-parent\" data-id=\"26001a6\" data-element_type=\"container\" data-e-type=\"container\" data-settings=\"{&quot;background_background&quot;:&quot;classic&quot;}\">\n\t\t\t\t\t<div class=\"e-con-inner\">\n\t\t<div class=\"elementor-element elementor-element-8ff259b e-con-full e-flex e-con e-parent\" data-id=\"8ff259b\" data-element_type=\"container\" data-e-type=\"container\">\n\t\t\t\t<div class=\"elementor-element elementor-element-12c07b7 elementor-widget elementor-widget-image\" data-id=\"12c07b7\" data-element_type=\"widget\" data-e-type=\"widget\" data-widget_type=\"image.default\">\n\t\t\t\t<div class=\"elementor-widget-container\">\n\t\t\t\t\t\t\t\t\t\t\t\t\t\t\t<img fetchpriority=\"high\" decoding=\"async\" width=\"800\" height=\"800\" src=\"https:\/\/fazekasinsped.hu\/wp-content\/uploads\/2023\/04\/280869411_7478186505557363_4810116909699538898_n-1024x1024.jpg\" class=\"attachment-large size-large wp-image-18\" alt=\"\" srcset=\"https:\/\/fazekasinsped.hu\/wp-content\/uploads\/2023\/04\/280869411_7478186505557363_4810116909699538898_n-1024x1024.jpg 1024w, https:\/\/fazekasinsped.hu\/wp-content\/uploads\/2023\/04\/280869411_7478186505557363_4810116909699538898_n-300x300.jpg 300w, https:\/\/fazekasinsped.hu\/wp-content\/uploads\/2023\/04\/280869411_7478186505557363_4810116909699538898_n-150x150.jpg 150w, https:\/\/fazekasinsped.hu\/wp-content\/uploads\/2023\/04\/280869411_7478186505557363_4810116909699538898_n-1536x1536.jpg 1536w, https:\/\/fazekasinsped.hu\/wp-content\/uploads\/2023\/04\/280869411_7478186505557363_4810116909699538898_n-2048x2048.jpg 2048w, https:\/\/fazekasinsped.hu\/wp-content\/uploads\/2023\/04\/280869411_7478186505557363_4810116909699538898_n-20x20.jpg 20w\" sizes=\"(max-width: 800px) 100vw, 800px\" title=\"\">\t\t\t\t\t\t\t\t\t\t\t\t\t\t\t<\/div>\n\t\t\t\t<\/div>\n\t\t\t\t<\/div>\n\t\t<div class=\"elementor-element elementor-element-6b7405e e-con-full e-flex e-con e-parent\" data-id=\"6b7405e\" data-element_type=\"container\" data-e-type=\"container\">\n\t\t\t\t<div class=\"elementor-element elementor-element-b162bf2 elementor-widget elementor-widget-text-editor\" data-id=\"b162bf2\" data-element_type=\"widget\" data-e-type=\"widget\" data-widget_type=\"text-editor.default\">\n\t\t\t\t<div class=\"elementor-widget-container\">\n\t\t\t\t\t\t\t\t\t<p><span style=\"color: #002060;\">Unser Hauptt\u00e4tigkeit ist der internationale Stra\u00dfeng\u00fcterverkehr, den wir mit 60 Fahrern, ebenso vielen Scania-Zugmaschinen und Schwarzm\u00fcller-Sattelaufliegern durchf\u00fchren. Wir arbeiten haupts\u00e4chlich mit Komplettladungen, k\u00f6nnen aber auf Wunsch auch Teilladungen transportieren. Unsere Auflieger haben eine Ladefl\u00e4che mit einer Deckenh\u00f6he von 2,7 Metern, eine L\u00e4nge von 13,6 Metern und eine Breite von 2,5 Metern. Mit unseren Leichtbau-Sattelanh\u00e4ngern k\u00f6nnen wir bis zu 25 Tonnen Bruttogewicht transportieren. Au\u00dferdem verf\u00fcgen wir \u00fcber Mega-Sattelauflieger mit 3 m Gesamth\u00f6he.<\/span><span style=\"color: #333333;\"><br \/><\/span><span style=\"color: #002060;\">Als zus\u00e4tzliche T\u00e4tigkeit bieten wir auch Transportdienstleistungen an.<\/span><span style=\"color: #333333;\"><br \/><\/span><span style=\"color: #002060;\">Wir liefern in EU-L\u00e4nder, vor allem nach Deutschland, Belgien, Luxemburg, die Niederlande, \u00d6sterreich und Frankreich.<\/span><\/p>\t\t\t\t\t\t\t\t<\/div>\n\t\t\t\t<\/div>\n\t\t\t\t<\/div>\n\t\t\t\t\t<\/div>\n\t\t\t\t<\/div>\n\t\t<div class=\"elementor-element elementor-element-0755fc3 e-flex e-con-boxed e-con e-parent\" data-id=\"0755fc3\" data-element_type=\"container\" data-e-type=\"container\" data-settings=\"{&quot;background_background&quot;:&quot;classic&quot;}\">\n\t\t\t\t\t<div class=\"e-con-inner\">\n\t\t<div class=\"elementor-element elementor-element-fc28e9f e-con-full fxglass e-flex e-con e-parent\" data-id=\"fc28e9f\" data-element_type=\"container\" data-e-type=\"container\" data-settings=\"{&quot;background_background&quot;:&quot;classic&quot;}\">\n\t\t\t\t<div class=\"elementor-element elementor-element-4d7b43a elementor-widget elementor-widget-heading\" data-id=\"4d7b43a\" data-element_type=\"widget\" data-e-type=\"widget\" data-widget_type=\"heading.default\">\n\t\t\t\t<div class=\"elementor-widget-container\">\n\t\t\t\t\t<h5 class=\"elementor-heading-title elementor-size-default\">Fordern Sie ein Angebot an <\/h5>\t\t\t\t<\/div>\n\t\t\t\t<\/div>\n\t\t\t\t<div class=\"elementor-element elementor-element-01cf5f8 elementor-widget elementor-widget-text-editor\" data-id=\"01cf5f8\" data-element_type=\"widget\" data-e-type=\"widget\" data-widget_type=\"text-editor.default\">\n\t\t\t\t<div class=\"elementor-widget-container\">\n\t\t\t\t\t\t\t\t\t<p>F\u00fcllen Sie das nachstehende Formular aus und ein Mitarbeiter wird sich in K\u00fcrze mit Ihnen in Verbindung setzen.\u00a0<\/p>\t\t\t\t\t\t\t\t<\/div>\n\t\t\t\t<\/div>\n\t\t\t\t<div class=\"elementor-element elementor-element-763e7d0 elementor-button-align-end elementor-widget elementor-widget-form\" data-id=\"763e7d0\" data-element_type=\"widget\" data-e-type=\"widget\" data-settings=\"{&quot;step_next_label&quot;:&quot;K\\u00f6vetkez\\u0151&quot;,&quot;step_previous_label&quot;:&quot;\\u27f5 vissza&quot;,&quot;step_icon_shape&quot;:&quot;square&quot;,&quot;button_width&quot;:&quot;100&quot;,&quot;step_type&quot;:&quot;number_text&quot;}\" data-widget_type=\"form.default\">\n\t\t\t\t<div class=\"elementor-widget-container\">\n\t\t\t\t\t\t\t<form class=\"elementor-form\" method=\"post\" name=\"Fuvar \u00e1raj\u00e1nlat\" aria-label=\"Fuvar \u00e1raj\u00e1nlat\" action=\"\">\n\t\t\t<input type=\"hidden\" name=\"post_id\" value=\"239\"\/>\n\t\t\t<input type=\"hidden\" name=\"form_id\" value=\"763e7d0\"\/>\n\t\t\t<input type=\"hidden\" name=\"referer_title\" value=\"Fuvaroz\u00e1s - FazekasInsped\" \/>\n\n\t\t\t\t\t\t\t<input type=\"hidden\" name=\"queried_id\" value=\"239\"\/>\n\t\t\t\n\t\t\t<div class=\"elementor-form-fields-wrapper elementor-labels-\">\n\t\t\t\t\t\t\t\t<div class=\"elementor-field-type-step elementor-field-group elementor-column elementor-field-group-field_b0bc225 elementor-col-100\">\n\t\t\t\t\t\t\t<div class=\"e-field-step elementor-hidden\" data-label=\"\" data-previousbutton=\"\" data-nextbutton=\"\" data-iconurl=\"\" data-iconlibrary=\"fas fa-star\" data-icon=\"\" ><\/div>\n\n\t\t\t\t\t\t<\/div>\n\t\t\t\t\t\t\t\t<div class=\"elementor-field-type-html elementor-field-group elementor-column elementor-field-group-name elementor-col-100\">\n\t\t\t\t\tKontaktangaben\t\t\t\t<\/div>\n\t\t\t\t\t\t\t\t<div class=\"elementor-field-type-text elementor-field-group elementor-column elementor-field-group-field_6b514f4 elementor-col-100\">\n\t\t\t\t\t\t\t\t\t\t\t\t<label for=\"form-field-field_6b514f4\" class=\"elementor-field-label elementor-screen-only\">\n\t\t\t\t\t\t\t\tName\t\t\t\t\t\t\t<\/label>\n\t\t\t\t\t\t\t\t\t\t\t\t\t\t<input size=\"1\" type=\"text\" name=\"form_fields[field_6b514f4]\" id=\"form-field-field_6b514f4\" class=\"elementor-field elementor-size-lg  elementor-field-textual\" placeholder=\"Name\">\n\t\t\t\t\t\t\t\t\t\t\t<\/div>\n\t\t\t\t\t\t\t\t<div class=\"elementor-field-type-tel elementor-field-group elementor-column elementor-field-group-email elementor-col-100\">\n\t\t\t\t\t\t\t\t\t\t\t\t<label for=\"form-field-email\" class=\"elementor-field-label elementor-screen-only\">\n\t\t\t\t\t\t\t\tphone\t\t\t\t\t\t\t<\/label>\n\t\t\t\t\t\t\t\t<input size=\"1\" type=\"tel\" name=\"form_fields[email]\" id=\"form-field-email\" class=\"elementor-field elementor-size-lg  elementor-field-textual\" placeholder=\"Telefon\" pattern=\"[0-9()#&amp;+*-=.]+\" title=\"Only numbers and phone characters (#, -, *, etc) are accepted.\" data-no-translation-title=\"\">\n\n\t\t\t\t\t\t<\/div>\n\t\t\t\t\t\t\t\t<div class=\"elementor-field-type-email elementor-field-group elementor-column elementor-field-group-message elementor-col-100\">\n\t\t\t\t\t\t\t\t\t\t\t\t<label for=\"form-field-message\" class=\"elementor-field-label elementor-screen-only\">\n\t\t\t\t\t\t\t\temail\t\t\t\t\t\t\t<\/label>\n\t\t\t\t\t\t\t\t\t\t\t\t\t\t<input size=\"1\" type=\"email\" name=\"form_fields[message]\" id=\"form-field-message\" class=\"elementor-field elementor-size-lg  elementor-field-textual\" placeholder=\"E-Mail\">\n\t\t\t\t\t\t\t\t\t\t\t<\/div>\n\t\t\t\t\t\t\t\t<div class=\"elementor-field-type-step elementor-field-group elementor-column elementor-field-group-field_b6db177 elementor-col-100\">\n\t\t\t\t\t\t\t<div class=\"e-field-step elementor-hidden\" data-label=\"\" data-previousbutton=\"\" data-nextbutton=\"\" data-iconurl=\"\" data-iconlibrary=\"fas fa-star\" data-icon=\"\" ><\/div>\n\n\t\t\t\t\t\t<\/div>\n\t\t\t\t\t\t\t\t<div class=\"elementor-field-type-html elementor-field-group elementor-column elementor-field-group-field_9621cc6 elementor-col-100\">\n\t\t\t\t\tFrachtdaten\t\t\t\t<\/div>\n\t\t\t\t\t\t\t\t<div class=\"elementor-field-type-text elementor-field-group elementor-column elementor-field-group-field_ef668a5 elementor-col-50\">\n\t\t\t\t\t\t\t\t\t\t\t\t<label for=\"form-field-field_ef668a5\" class=\"elementor-field-label elementor-screen-only\">\n\t\t\t\t\t\t\t\tOrt der Beladung\t\t\t\t\t\t\t<\/label>\n\t\t\t\t\t\t\t\t\t\t\t\t\t\t<input size=\"1\" type=\"text\" name=\"form_fields[field_ef668a5]\" id=\"form-field-field_ef668a5\" class=\"elementor-field elementor-size-lg  elementor-field-textual\" placeholder=\"Ort der Beladung\">\n\t\t\t\t\t\t\t\t\t\t\t<\/div>\n\t\t\t\t\t\t\t\t<div class=\"elementor-field-type-date elementor-field-group elementor-column elementor-field-group-field_8de791d elementor-col-50\">\n\t\t\t\t\t\t\t\t\t\t\t\t<label for=\"form-field-field_8de791d\" class=\"elementor-field-label elementor-screen-only\">\n\t\t\t\t\t\t\t\tVerladetag\t\t\t\t\t\t\t<\/label>\n\t\t\t\t\t\t\n\t\t<input type=\"date\" name=\"form_fields[field_8de791d]\" id=\"form-field-field_8de791d\" class=\"elementor-field elementor-size-lg  elementor-field-textual elementor-date-field\" placeholder=\"Verladetag\" pattern=\"[0-9]{4}-[0-9]{2}-[0-9]{2}\">\n\t\t\t\t\t\t<\/div>\n\t\t\t\t\t\t\t\t<div class=\"elementor-field-type-text elementor-field-group elementor-column elementor-field-group-field_2681392 elementor-col-50\">\n\t\t\t\t\t\t\t\t\t\t\t\t<label for=\"form-field-field_2681392\" class=\"elementor-field-label elementor-screen-only\">\n\t\t\t\t\t\t\t\tOrt der Entladung\t\t\t\t\t\t\t<\/label>\n\t\t\t\t\t\t\t\t\t\t\t\t\t\t<input size=\"1\" type=\"text\" name=\"form_fields[field_2681392]\" id=\"form-field-field_2681392\" class=\"elementor-field elementor-size-lg  elementor-field-textual\" placeholder=\"Ort der Entladung\">\n\t\t\t\t\t\t\t\t\t\t\t<\/div>\n\t\t\t\t\t\t\t\t<div class=\"elementor-field-type-date elementor-field-group elementor-column elementor-field-group-field_eb4658e elementor-col-50\">\n\t\t\t\t\t\t\t\t\t\t\t\t<label for=\"form-field-field_eb4658e\" class=\"elementor-field-label elementor-screen-only\">\n\t\t\t\t\t\t\t\tEntladetag\t\t\t\t\t\t\t<\/label>\n\t\t\t\t\t\t\n\t\t<input type=\"date\" name=\"form_fields[field_eb4658e]\" id=\"form-field-field_eb4658e\" class=\"elementor-field elementor-size-lg  elementor-field-textual elementor-date-field\" placeholder=\"Entladetag\" pattern=\"[0-9]{4}-[0-9]{2}-[0-9]{2}\">\n\t\t\t\t\t\t<\/div>\n\t\t\t\t\t\t\t\t<div class=\"elementor-field-type-step elementor-field-group elementor-column elementor-field-group-field_2c6b55c elementor-col-100\">\n\t\t\t\t\t\t\t<div class=\"e-field-step elementor-hidden\" data-label=\"\" data-previousbutton=\"\" data-nextbutton=\"\" data-iconurl=\"\" data-iconlibrary=\"fas fa-star\" data-icon=\"\" ><\/div>\n\n\t\t\t\t\t\t<\/div>\n\t\t\t\t\t\t\t\t<div class=\"elementor-field-type-html elementor-field-group elementor-column elementor-field-group-field_7a359f6 elementor-col-100\">\n\t\t\t\t\tProduktbeschreibung\t\t\t\t<\/div>\n\t\t\t\t\t\t\t\t<div class=\"elementor-field-type-textarea elementor-field-group elementor-column elementor-field-group-field_47dd882 elementor-col-50 elementor-field-required\">\n\t\t\t\t\t\t\t\t\t\t\t\t<label for=\"form-field-field_47dd882\" class=\"elementor-field-label elementor-screen-only\">\n\t\t\t\t\t\t\t\tArt der Ware\t\t\t\t\t\t\t<\/label>\n\t\t\t\t\t\t<textarea class=\"elementor-field-textual elementor-field  elementor-size-lg\" name=\"form_fields[field_47dd882]\" id=\"form-field-field_47dd882\" rows=\"4\" placeholder=\"Art der Ware\" required=\"required\"><\/textarea>\t\t\t\t<\/div>\n\t\t\t\t\t\t\t\t<div class=\"elementor-field-type-textarea elementor-field-group elementor-column elementor-field-group-field_36e83c1 elementor-col-50 elementor-field-required\">\n\t\t\t\t\t\t\t\t\t\t\t\t<label for=\"form-field-field_36e83c1\" class=\"elementor-field-label elementor-screen-only\">\n\t\t\t\t\t\t\t\tGewicht der Ware\t\t\t\t\t\t\t<\/label>\n\t\t\t\t\t\t<textarea class=\"elementor-field-textual elementor-field  elementor-size-lg\" name=\"form_fields[field_36e83c1]\" id=\"form-field-field_36e83c1\" rows=\"4\" placeholder=\"Gewicht der Ware\" required=\"required\"><\/textarea>\t\t\t\t<\/div>\n\t\t\t\t\t\t\t\t<div class=\"elementor-field-group elementor-column elementor-field-type-submit elementor-col-100 e-form__buttons\">\n\t\t\t\t\t<button class=\"elementor-button elementor-size-sm\" type=\"submit\">\n\t\t\t\t\t\t<span class=\"elementor-button-content-wrapper\">\n\t\t\t\t\t\t\t\t\t\t\t\t\t\t\t\t\t\t\t\t\t\t<span class=\"elementor-button-text\">Elk\u00fcld\u00f6m<\/span>\n\t\t\t\t\t\t\t\t\t\t\t\t\t<\/span>\n\t\t\t\t\t<\/button>\n\t\t\t\t<\/div>\n\t\t\t<\/div>\n\t\t<input type=\"hidden\" name=\"trp-form-language\" value=\"de\"\/><\/form>\n\t\t\t\t\t\t<\/div>\n\t\t\t\t<\/div>\n\t\t\t\t<\/div>\n\t\t<div class=\"elementor-element elementor-element-ddbd9ee e-con-full e-flex e-con e-parent\" data-id=\"ddbd9ee\" data-element_type=\"container\" data-e-type=\"container\">\n\t\t\t\t<div class=\"elementor-element elementor-element-dd92e00 elementor-widget elementor-widget-image\" data-id=\"dd92e00\" data-element_type=\"widget\" data-e-type=\"widget\" data-widget_type=\"image.default\">\n\t\t\t\t<div class=\"elementor-widget-container\">\n\t\t\t\t\t\t\t\t\t\t\t\t\t\t\t<img decoding=\"async\" width=\"800\" height=\"534\" src=\"https:\/\/fazekasinsped.hu\/wp-content\/uploads\/2023\/04\/fazekas_insped_vegleges-43-1024x684.webp\" class=\"attachment-large size-large wp-image-170\" alt=\"\" srcset=\"https:\/\/fazekasinsped.hu\/wp-content\/uploads\/2023\/04\/fazekas_insped_vegleges-43-1024x684.webp 1024w, https:\/\/fazekasinsped.hu\/wp-content\/uploads\/2023\/04\/fazekas_insped_vegleges-43-300x200.webp 300w, https:\/\/fazekasinsped.hu\/wp-content\/uploads\/2023\/04\/fazekas_insped_vegleges-43-768x513.webp 768w, https:\/\/fazekasinsped.hu\/wp-content\/uploads\/2023\/04\/fazekas_insped_vegleges-43-1536x1025.webp 1536w, https:\/\/fazekasinsped.hu\/wp-content\/uploads\/2023\/04\/fazekas_insped_vegleges-43-2048x1367.webp 2048w, https:\/\/fazekasinsped.hu\/wp-content\/uploads\/2023\/04\/fazekas_insped_vegleges-43-18x12.webp 18w\" sizes=\"(max-width: 800px) 100vw, 800px\" title=\"\">\t\t\t\t\t\t\t\t\t\t\t\t\t\t\t<\/div>\n\t\t\t\t<\/div>\n\t\t\t\t<\/div>\n\t\t\t\t\t<\/div>\n\t\t\t\t<\/div>\n\t\t<div class=\"elementor-element elementor-element-f5ca9fe e-flex e-con-boxed e-con e-parent\" data-id=\"f5ca9fe\" data-element_type=\"container\" data-e-type=\"container\" data-settings=\"{&quot;background_background&quot;:&quot;classic&quot;}\">\n\t\t\t\t\t<div class=\"e-con-inner\">\n\t\t<div class=\"elementor-element elementor-element-d1b8697 e-con-full e-flex e-con e-parent\" data-id=\"d1b8697\" data-element_type=\"container\" data-e-type=\"container\">\n\t\t\t\t<div class=\"elementor-element elementor-element-deb641f elementor-widget elementor-widget-image\" data-id=\"deb641f\" data-element_type=\"widget\" data-e-type=\"widget\" data-widget_type=\"image.default\">\n\t\t\t\t<div class=\"elementor-widget-container\">\n\t\t\t\t\t\t\t\t\t\t\t\t\t\t\t<img decoding=\"async\" width=\"800\" height=\"484\" src=\"https:\/\/fazekasinsped.hu\/wp-content\/uploads\/2023\/05\/BBY_1297-1024x620.jpg\" class=\"attachment-large size-large wp-image-677\" alt=\"\" srcset=\"https:\/\/fazekasinsped.hu\/wp-content\/uploads\/2023\/05\/BBY_1297-1024x620.jpg 1024w, https:\/\/fazekasinsped.hu\/wp-content\/uploads\/2023\/05\/BBY_1297-300x182.jpg 300w, https:\/\/fazekasinsped.hu\/wp-content\/uploads\/2023\/05\/BBY_1297-768x465.jpg 768w, https:\/\/fazekasinsped.hu\/wp-content\/uploads\/2023\/05\/BBY_1297-1536x930.jpg 1536w, https:\/\/fazekasinsped.hu\/wp-content\/uploads\/2023\/05\/BBY_1297-2048x1240.jpg 2048w, https:\/\/fazekasinsped.hu\/wp-content\/uploads\/2023\/05\/BBY_1297-18x12.jpg 18w\" sizes=\"(max-width: 800px) 100vw, 800px\" title=\"\">\t\t\t\t\t\t\t\t\t\t\t\t\t\t\t<\/div>\n\t\t\t\t<\/div>\n\t\t\t\t<\/div>\n\t\t<div class=\"elementor-element elementor-element-22dc185 e-con-full e-flex e-con e-parent\" data-id=\"22dc185\" data-element_type=\"container\" data-e-type=\"container\">\n\t\t\t\t<div class=\"elementor-element elementor-element-c1ac927 elementor-widget elementor-widget-text-editor\" data-id=\"c1ac927\" data-element_type=\"widget\" data-e-type=\"widget\" data-widget_type=\"text-editor.default\">\n\t\t\t\t<div class=\"elementor-widget-container\">\n\t\t\t\t\t\t\t\t\t<p>Bei Fazekas Insped Kft. legen wir besonderen Wert auf Umweltbewusstsein und Nachhaltigkeit. Alle unsere Fahrzeuge sind in einem ausgezeichneten technischen Zustand und haben die Umweltklassifizierung EURO 6, was bedeutet, dass sie so wenig Schadstoffe wie m\u00f6glich aussto\u00dfen.\u00a0<br \/>Unsere Vision f\u00fcr die Zukunft ist es, unser Familienunternehmen auf der Grundlage unserer Werte und der Erfahrungen aus der Vergangenheit aufzubauen und weiterzuentwickeln.\u00a0<\/p>\t\t\t\t\t\t\t\t<\/div>\n\t\t\t\t<\/div>\n\t\t\t\t<\/div>\n\t\t\t\t\t<\/div>\n\t\t\t\t<\/div>\n\t\t\t\t<\/div>","protected":false},"excerpt":{"rendered":"<p>F\u0151 tev\u00e9kenys\u00e9g\u00fcnk a nemzetk\u00f6zi k\u00f6z\u00fati \u00e1rusz\u00e1ll\u00edt\u00e1s, amelyet 60 sof\u0151rrel, ugyanennyi Scania vontat\u00f3val \u00e9s Schwarzm\u00fcller f\u00e9lp\u00f3tkocsival l\u00e1tunk el. Alapvet\u0151en komplett kocsirakom\u00e1nyokkal dolgozunk, de ig\u00e9ny szerint v\u00e1llaljuk r\u00e9szrakom\u00e1nyok sz\u00e1ll\u00edt\u00e1s\u00e1t is. Nyerges szerelv\u00e9nyeink rakod\u00f3fel\u00fclete 2,7 m\u00e9teres belmagass\u00e1g\u00fa, 13,6 m\u00e9ter hossz\u00fa \u00e9s 2,5 m\u00e9ter sz\u00e9les. Raks\u00falyban 25 tonn\u00e1ig v\u00e1llalunk sz\u00e1ll\u00edt\u00e1st a k\u00f6nny\u00edtett f\u00e9lp\u00f3tkocsiinkkal. Mega t\u00edpus\u00fa f\u00e9lp\u00f3tkocsikkal is rendelkez\u00fcnk, 3 [&hellip;]<\/p>","protected":false},"author":1,"featured_media":0,"parent":0,"menu_order":0,"comment_status":"closed","ping_status":"closed","template":"elementor_header_footer","meta":{"footnotes":""},"class_list":["post-239","page","type-page","status-publish","hentry"],"_links":{"self":[{"href":"https:\/\/fazekasinsped.hu\/de\/wp-json\/wp\/v2\/pages\/239","targetHints":{"allow":["GET"]}}],"collection":[{"href":"https:\/\/fazekasinsped.hu\/de\/wp-json\/wp\/v2\/pages"}],"about":[{"href":"https:\/\/fazekasinsped.hu\/de\/wp-json\/wp\/v2\/types\/page"}],"author":[{"embeddable":true,"href":"https:\/\/fazekasinsped.hu\/de\/wp-json\/wp\/v2\/users\/1"}],"replies":[{"embeddable":true,"href":"https:\/\/fazekasinsped.hu\/de\/wp-json\/wp\/v2\/comments?post=239"}],"version-history":[{"count":5,"href":"https:\/\/fazekasinsped.hu\/de\/wp-json\/wp\/v2\/pages\/239\/revisions"}],"predecessor-version":[{"id":1113,"href":"https:\/\/fazekasinsped.hu\/de\/wp-json\/wp\/v2\/pages\/239\/revisions\/1113"}],"wp:attachment":[{"href":"https:\/\/fazekasinsped.hu\/de\/wp-json\/wp\/v2\/media?parent=239"}],"curies":[{"name":"wp","href":"https:\/\/api.w.org\/{rel}","templated":true}]}}