{"id":241,"date":"2023-04-19T15:33:48","date_gmt":"2023-04-19T15:33:48","guid":{"rendered":"https:\/\/fazekasinsped.hu\/?page_id=241"},"modified":"2025-01-17T07:13:42","modified_gmt":"2025-01-17T06:13:42","slug":"daruzas_magas_szinten","status":"publish","type":"page","link":"https:\/\/fazekasinsped.hu\/de\/daruzas_magas_szinten\/","title":{"rendered":"Haben mit Kran"},"content":{"rendered":"<div data-elementor-type=\"wp-page\" data-elementor-id=\"241\" class=\"elementor elementor-241\" data-elementor-post-type=\"page\">\n\t\t\t\t<div class=\"elementor-element elementor-element-ae08a9e e-con-full e-flex e-con e-parent\" data-id=\"ae08a9e\" data-element_type=\"container\" data-e-type=\"container\" data-settings=\"{&quot;background_background&quot;:&quot;classic&quot;}\">\n\t\t<div class=\"elementor-element elementor-element-843485e e-con-full e-flex e-con e-child\" data-id=\"843485e\" data-element_type=\"container\" data-e-type=\"container\">\n\t\t\t\t<div class=\"elementor-element elementor-element-c8b455c elementor-widget elementor-widget-heading\" data-id=\"c8b455c\" data-element_type=\"widget\" data-e-type=\"widget\" data-widget_type=\"heading.default\">\n\t\t\t\t<div class=\"elementor-widget-container\">\n\t\t\t\t\t<h2 class=\"elementor-heading-title elementor-size-default\">Heben mit Kran auf HOHES Niveau<\/h2>\t\t\t\t<\/div>\n\t\t\t\t<\/div>\n\t\t\t\t<div class=\"elementor-element elementor-element-a721a3d elementor-widget elementor-widget-text-editor\" data-id=\"a721a3d\" data-element_type=\"widget\" data-e-type=\"widget\" data-widget_type=\"text-editor.default\">\n\t\t\t\t<div class=\"elementor-widget-container\">\n\t\t\t\t\t\t\t\t\t<p>Wir bieten unseren Kunden die zuverl\u00e4ssigsten und modernsten Kranl\u00f6sungen. Mit unserem erfahrenen Team und unserer modernen Kranflotte sind wir in der Lage, auch die gr\u00f6\u00dften und komplexesten Hebe- und Umzugsanforderungen zu erf\u00fcllen.\u00a0<\/p>\t\t\t\t\t\t\t\t<\/div>\n\t\t\t\t<\/div>\n\t\t\t\t<div class=\"elementor-element elementor-element-660bbfc elementor-widget elementor-widget-button\" data-id=\"660bbfc\" data-element_type=\"widget\" data-e-type=\"widget\" data-widget_type=\"button.default\">\n\t\t\t\t<div class=\"elementor-widget-container\">\n\t\t\t\t\t\t\t\t\t<div class=\"elementor-button-wrapper\">\n\t\t\t\t\t<a class=\"elementor-button elementor-button-link elementor-size-sm\" href=\"#elementor-action%3Aaction%3Dpopup%3Aopen%26settings%3DeyJpZCI6IjEwMTQiLCJ0b2dnbGUiOmZhbHNlfQ%3D%3D\">\n\t\t\t\t\t\t<span class=\"elementor-button-content-wrapper\">\n\t\t\t\t\t\t\t\t\t<span class=\"elementor-button-text\">Preisangebot bitten<\/span>\n\t\t\t\t\t<\/span>\n\t\t\t\t\t<\/a>\n\t\t\t\t<\/div>\n\t\t\t\t\t\t\t\t<\/div>\n\t\t\t\t<\/div>\n\t\t\t\t<\/div>\n\t\t<div class=\"elementor-element elementor-element-397d30a e-con-full e-flex e-con e-child\" data-id=\"397d30a\" data-element_type=\"container\" data-e-type=\"container\">\n\t\t\t\t<div class=\"elementor-element elementor-element-8401883 elementor-widget elementor-widget-image\" data-id=\"8401883\" data-element_type=\"widget\" data-e-type=\"widget\" data-widget_type=\"image.default\">\n\t\t\t\t<div class=\"elementor-widget-container\">\n\t\t\t\t\t\t\t\t\t\t\t\t\t\t\t<img fetchpriority=\"high\" decoding=\"async\" width=\"800\" height=\"533\" src=\"https:\/\/fazekasinsped.hu\/wp-content\/uploads\/2023\/05\/FLO4243-1024x682.jpg\" class=\"attachment-large size-large wp-image-578\" alt=\"\" srcset=\"https:\/\/fazekasinsped.hu\/wp-content\/uploads\/2023\/05\/FLO4243-1024x682.jpg 1024w, https:\/\/fazekasinsped.hu\/wp-content\/uploads\/2023\/05\/FLO4243-300x200.jpg 300w, https:\/\/fazekasinsped.hu\/wp-content\/uploads\/2023\/05\/FLO4243-768x511.jpg 768w, https:\/\/fazekasinsped.hu\/wp-content\/uploads\/2023\/05\/FLO4243-1536x1022.jpg 1536w, https:\/\/fazekasinsped.hu\/wp-content\/uploads\/2023\/05\/FLO4243-2048x1363.jpg 2048w, https:\/\/fazekasinsped.hu\/wp-content\/uploads\/2023\/05\/FLO4243-18x12.jpg 18w\" sizes=\"(max-width: 800px) 100vw, 800px\" title=\"\">\t\t\t\t\t\t\t\t\t\t\t\t\t\t\t<\/div>\n\t\t\t\t<\/div>\n\t\t\t\t<\/div>\n\t\t\t\t<\/div>\n\t\t<div class=\"elementor-element elementor-element-5f23f4e e-con-full e-flex e-con e-parent\" data-id=\"5f23f4e\" data-element_type=\"container\" data-e-type=\"container\" data-settings=\"{&quot;background_background&quot;:&quot;classic&quot;}\">\n\t\t<div class=\"elementor-element elementor-element-ac7f252 e-con-full e-flex e-con e-child\" data-id=\"ac7f252\" data-element_type=\"container\" data-e-type=\"container\">\n\t\t\t\t<div class=\"elementor-element elementor-element-26f6b9a elementor-widget elementor-widget-heading\" data-id=\"26f6b9a\" data-element_type=\"widget\" data-e-type=\"widget\" data-widget_type=\"heading.default\">\n\t\t\t\t<div class=\"elementor-widget-container\">\n\t\t\t\t\t<h2 class=\"elementor-heading-title elementor-size-default\">60 Tonnen Tadano<\/h2>\t\t\t\t<\/div>\n\t\t\t\t<\/div>\n\t\t\t\t<div class=\"elementor-element elementor-element-d84c4ca elementor-widget elementor-widget-text-editor\" data-id=\"d84c4ca\" data-element_type=\"widget\" data-e-type=\"widget\" data-widget_type=\"text-editor.default\">\n\t\t\t\t<div class=\"elementor-widget-container\">\n\t\t\t\t\t\t\t\t\t<p>Der Tadano Faun-Kran hat keine Hindernisse.\u00a0<\/p><ul><li><span style=\"color: #002060;\">48 m Reichweite des Auslegerarmes<\/span><\/li><li><span style=\"color: #002060;\">Grundfl\u00e4che 8*8 m<\/span><\/li><li><span style=\"color: #002060;\">2,7 m Breite<\/span><\/li><\/ul>\t\t\t\t\t\t\t\t<\/div>\n\t\t\t\t<\/div>\n\t\t\t\t<div class=\"elementor-element elementor-element-d06e48e elementor-widget elementor-widget-button\" data-id=\"d06e48e\" data-element_type=\"widget\" data-e-type=\"widget\" data-widget_type=\"button.default\">\n\t\t\t\t<div class=\"elementor-widget-container\">\n\t\t\t\t\t\t\t\t\t<div class=\"elementor-button-wrapper\">\n\t\t\t\t\t<a class=\"elementor-button elementor-button-link elementor-size-sm\" href=\"#elementor-action%3Aaction%3Dpopup%3Aopen%26settings%3DeyJpZCI6IjEwMTQiLCJ0b2dnbGUiOmZhbHNlfQ%3D%3D\">\n\t\t\t\t\t\t<span class=\"elementor-button-content-wrapper\">\n\t\t\t\t\t\t\t\t\t<span class=\"elementor-button-text\">Preisangebot bitten<\/span>\n\t\t\t\t\t<\/span>\n\t\t\t\t\t<\/a>\n\t\t\t\t<\/div>\n\t\t\t\t\t\t\t\t<\/div>\n\t\t\t\t<\/div>\n\t\t\t\t<\/div>\n\t\t<div class=\"elementor-element elementor-element-f3f6de1 e-con-full e-flex e-con e-child\" data-id=\"f3f6de1\" data-element_type=\"container\" data-e-type=\"container\">\n\t\t\t\t<div class=\"elementor-element elementor-element-3bb4ca2 elementor-widget elementor-widget-image\" data-id=\"3bb4ca2\" data-element_type=\"widget\" data-e-type=\"widget\" data-widget_type=\"image.default\">\n\t\t\t\t<div class=\"elementor-widget-container\">\n\t\t\t\t\t\t\t\t\t\t\t\t\t\t\t<img decoding=\"async\" width=\"800\" height=\"532\" src=\"https:\/\/fazekasinsped.hu\/wp-content\/uploads\/2023\/05\/daru60t-1024x681.jpg\" class=\"attachment-large size-large wp-image-647\" alt=\"\" srcset=\"https:\/\/fazekasinsped.hu\/wp-content\/uploads\/2023\/05\/daru60t-1024x681.jpg 1024w, https:\/\/fazekasinsped.hu\/wp-content\/uploads\/2023\/05\/daru60t-300x200.jpg 300w, https:\/\/fazekasinsped.hu\/wp-content\/uploads\/2023\/05\/daru60t-768x511.jpg 768w, https:\/\/fazekasinsped.hu\/wp-content\/uploads\/2023\/05\/daru60t-1536x1022.jpg 1536w, https:\/\/fazekasinsped.hu\/wp-content\/uploads\/2023\/05\/daru60t-2048x1363.jpg 2048w, https:\/\/fazekasinsped.hu\/wp-content\/uploads\/2023\/05\/daru60t-18x12.jpg 18w\" sizes=\"(max-width: 800px) 100vw, 800px\" title=\"\">\t\t\t\t\t\t\t\t\t\t\t\t\t\t\t<\/div>\n\t\t\t\t<\/div>\n\t\t\t\t<\/div>\n\t\t\t\t<\/div>\n\t\t<div class=\"elementor-element elementor-element-3ed9514 e-con-full e-flex e-con e-parent\" data-id=\"3ed9514\" data-element_type=\"container\" data-e-type=\"container\" data-settings=\"{&quot;background_background&quot;:&quot;classic&quot;}\">\n\t\t<div class=\"elementor-element elementor-element-db25e57 e-con-full e-flex e-con e-child\" data-id=\"db25e57\" data-element_type=\"container\" data-e-type=\"container\">\n\t\t\t\t<div class=\"elementor-element elementor-element-c012cc4 elementor-widget elementor-widget-heading\" data-id=\"c012cc4\" data-element_type=\"widget\" data-e-type=\"widget\" data-widget_type=\"heading.default\">\n\t\t\t\t<div class=\"elementor-widget-container\">\n\t\t\t\t\t<h2 class=\"elementor-heading-title elementor-size-default\">55-Tonnen-Liebherr<\/h2>\t\t\t\t<\/div>\n\t\t\t\t<\/div>\n\t\t\t\t<div class=\"elementor-element elementor-element-05f0a43 elementor-widget elementor-widget-text-editor\" data-id=\"05f0a43\" data-element_type=\"widget\" data-e-type=\"widget\" data-widget_type=\"text-editor.default\">\n\t\t\t\t<div class=\"elementor-widget-container\">\n\t\t\t\t\t\t\t\t\t<p>Wir haben einen 55-Tonnen-Kran von Liebherr, der die meisten Anforderungen erf\u00fcllt.<\/p><ul><li><span style=\"color: #002060;\">40 m Reichweite des Auslegerarmes<\/span><\/li><li><span style=\"color: #002060;\">Grundfl\u00e4che 8*8 m<\/span><\/li><li><span style=\"color: #002060;\">2,7 m Breite<\/span><\/li><\/ul>\t\t\t\t\t\t\t\t<\/div>\n\t\t\t\t<\/div>\n\t\t\t\t<div class=\"elementor-element elementor-element-84cbf2d elementor-widget elementor-widget-button\" data-id=\"84cbf2d\" data-element_type=\"widget\" data-e-type=\"widget\" data-widget_type=\"button.default\">\n\t\t\t\t<div class=\"elementor-widget-container\">\n\t\t\t\t\t\t\t\t\t<div class=\"elementor-button-wrapper\">\n\t\t\t\t\t<a class=\"elementor-button elementor-button-link elementor-size-sm\" href=\"#elementor-action%3Aaction%3Dpopup%3Aopen%26settings%3DeyJpZCI6IjEwMTQiLCJ0b2dnbGUiOmZhbHNlfQ%3D%3D\">\n\t\t\t\t\t\t<span class=\"elementor-button-content-wrapper\">\n\t\t\t\t\t\t\t\t\t<span class=\"elementor-button-text\">Preisangebot bitten<\/span>\n\t\t\t\t\t<\/span>\n\t\t\t\t\t<\/a>\n\t\t\t\t<\/div>\n\t\t\t\t\t\t\t\t<\/div>\n\t\t\t\t<\/div>\n\t\t\t\t<\/div>\n\t\t<div class=\"elementor-element elementor-element-0ef9759 e-con-full e-flex e-con e-child\" data-id=\"0ef9759\" data-element_type=\"container\" data-e-type=\"container\">\n\t\t\t\t<div class=\"elementor-element elementor-element-00db8e1 elementor-widget elementor-widget-image\" data-id=\"00db8e1\" data-element_type=\"widget\" data-e-type=\"widget\" data-widget_type=\"image.default\">\n\t\t\t\t<div class=\"elementor-widget-container\">\n\t\t\t\t\t\t\t\t\t\t\t\t\t\t\t<img decoding=\"async\" width=\"800\" height=\"450\" src=\"https:\/\/fazekasinsped.hu\/wp-content\/uploads\/2023\/05\/IMG_5216-1024x576.jpg\" class=\"attachment-large size-large wp-image-637\" alt=\"Daruz\u00e1s Balatonf\u00fcred\" srcset=\"https:\/\/fazekasinsped.hu\/wp-content\/uploads\/2023\/05\/IMG_5216-1024x576.jpg 1024w, https:\/\/fazekasinsped.hu\/wp-content\/uploads\/2023\/05\/IMG_5216-300x169.jpg 300w, https:\/\/fazekasinsped.hu\/wp-content\/uploads\/2023\/05\/IMG_5216-768x432.jpg 768w, https:\/\/fazekasinsped.hu\/wp-content\/uploads\/2023\/05\/IMG_5216-1536x864.jpg 1536w, https:\/\/fazekasinsped.hu\/wp-content\/uploads\/2023\/05\/IMG_5216-2048x1152.jpg 2048w, https:\/\/fazekasinsped.hu\/wp-content\/uploads\/2023\/05\/IMG_5216-18x10.jpg 18w\" sizes=\"(max-width: 800px) 100vw, 800px\" title=\"\">\t\t\t\t\t\t\t\t\t\t\t\t\t\t\t<\/div>\n\t\t\t\t<\/div>\n\t\t\t\t<\/div>\n\t\t\t\t<\/div>\n\t\t<div class=\"elementor-element elementor-element-63e11f3 e-con-full e-flex e-con e-parent\" data-id=\"63e11f3\" data-element_type=\"container\" data-e-type=\"container\" data-settings=\"{&quot;background_background&quot;:&quot;classic&quot;}\">\n\t\t<div class=\"elementor-element elementor-element-2170ada e-con-full e-flex e-con e-child\" data-id=\"2170ada\" data-element_type=\"container\" data-e-type=\"container\">\n\t\t\t\t<div class=\"elementor-element elementor-element-e97cf15 elementor-widget elementor-widget-heading\" data-id=\"e97cf15\" data-element_type=\"widget\" data-e-type=\"widget\" data-widget_type=\"heading.default\">\n\t\t\t\t<div class=\"elementor-widget-container\">\n\t\t\t\t\t<h2 class=\"elementor-heading-title elementor-size-default\">35 Tonnen Scania<\/h2>\t\t\t\t<\/div>\n\t\t\t\t<\/div>\n\t\t\t\t<div class=\"elementor-element elementor-element-5498153 elementor-widget elementor-widget-text-editor\" data-id=\"5498153\" data-element_type=\"widget\" data-e-type=\"widget\" data-widget_type=\"text-editor.default\">\n\t\t\t\t<div class=\"elementor-widget-container\">\n\t\t\t\t\t\t\t\t\t<p>Meister der kleinen und mittleren Aufgaben und der kleinen Stra\u00dfen.\u00a0<\/p><ul><li><span style=\"color: #002060;\">30 m Reichweite des Auslegerarmes<\/span><\/li><li><span style=\"color: #002060;\">Grundfl\u00e4che 7*8 m<\/span><\/li><li><span style=\"color: #002060;\">2,5 m Breite<\/span><span style=\"color: #333333;\"><br \/><\/span><\/li><\/ul>\t\t\t\t\t\t\t\t<\/div>\n\t\t\t\t<\/div>\n\t\t\t\t<div class=\"elementor-element elementor-element-752cb04 elementor-widget elementor-widget-button\" data-id=\"752cb04\" data-element_type=\"widget\" data-e-type=\"widget\" data-widget_type=\"button.default\">\n\t\t\t\t<div class=\"elementor-widget-container\">\n\t\t\t\t\t\t\t\t\t<div class=\"elementor-button-wrapper\">\n\t\t\t\t\t<a class=\"elementor-button elementor-button-link elementor-size-sm\" href=\"#elementor-action%3Aaction%3Dpopup%3Aopen%26settings%3DeyJpZCI6IjEwMTQiLCJ0b2dnbGUiOmZhbHNlfQ%3D%3D\">\n\t\t\t\t\t\t<span class=\"elementor-button-content-wrapper\">\n\t\t\t\t\t\t\t\t\t<span class=\"elementor-button-text\">Preisangebot bitten<\/span>\n\t\t\t\t\t<\/span>\n\t\t\t\t\t<\/a>\n\t\t\t\t<\/div>\n\t\t\t\t\t\t\t\t<\/div>\n\t\t\t\t<\/div>\n\t\t\t\t<\/div>\n\t\t<div class=\"elementor-element elementor-element-6f3c74c e-con-full e-flex e-con e-child\" data-id=\"6f3c74c\" data-element_type=\"container\" data-e-type=\"container\">\n\t\t\t\t<div class=\"elementor-element elementor-element-d01c819 elementor-widget elementor-widget-image\" data-id=\"d01c819\" data-element_type=\"widget\" data-e-type=\"widget\" data-widget_type=\"image.default\">\n\t\t\t\t<div class=\"elementor-widget-container\">\n\t\t\t\t\t\t\t\t\t\t\t\t\t\t\t<img loading=\"lazy\" decoding=\"async\" width=\"800\" height=\"532\" src=\"https:\/\/fazekasinsped.hu\/wp-content\/uploads\/2023\/05\/kisdarus_mont-1024x681.jpg\" class=\"attachment-large size-large wp-image-646\" alt=\"\" srcset=\"https:\/\/fazekasinsped.hu\/wp-content\/uploads\/2023\/05\/kisdarus_mont-1024x681.jpg 1024w, https:\/\/fazekasinsped.hu\/wp-content\/uploads\/2023\/05\/kisdarus_mont-300x200.jpg 300w, https:\/\/fazekasinsped.hu\/wp-content\/uploads\/2023\/05\/kisdarus_mont-768x511.jpg 768w, https:\/\/fazekasinsped.hu\/wp-content\/uploads\/2023\/05\/kisdarus_mont-1536x1022.jpg 1536w, https:\/\/fazekasinsped.hu\/wp-content\/uploads\/2023\/05\/kisdarus_mont-2048x1363.jpg 2048w, https:\/\/fazekasinsped.hu\/wp-content\/uploads\/2023\/05\/kisdarus_mont-18x12.jpg 18w\" sizes=\"(max-width: 800px) 100vw, 800px\" title=\"\">\t\t\t\t\t\t\t\t\t\t\t\t\t\t\t<\/div>\n\t\t\t\t<\/div>\n\t\t\t\t<\/div>\n\t\t\t\t<\/div>\n\t\t<div class=\"elementor-element elementor-element-1bcb5e7 e-con-full e-flex e-con e-parent\" data-id=\"1bcb5e7\" data-element_type=\"container\" data-e-type=\"container\" data-settings=\"{&quot;background_background&quot;:&quot;classic&quot;}\">\n\t\t<div class=\"elementor-element elementor-element-0ffb870 e-con-full e-flex e-con e-child\" data-id=\"0ffb870\" data-element_type=\"container\" data-e-type=\"container\">\n\t\t\t\t<div class=\"elementor-element elementor-element-a2f6956 elementor-widget elementor-widget-heading\" data-id=\"a2f6956\" data-element_type=\"widget\" data-e-type=\"widget\" data-widget_type=\"heading.default\">\n\t\t\t\t<div class=\"elementor-widget-container\">\n\t\t\t\t\t<h2 class=\"elementor-heading-title elementor-size-default\">Mercedes-Korblift<\/h2>\t\t\t\t<\/div>\n\t\t\t\t<\/div>\n\t\t\t\t<div class=\"elementor-element elementor-element-516c87f elementor-widget elementor-widget-text-editor\" data-id=\"516c87f\" data-element_type=\"widget\" data-e-type=\"widget\" data-widget_type=\"text-editor.default\">\n\t\t\t\t<div class=\"elementor-widget-container\">\n\t\t\t\t\t\t\t\t\t<ul><li>20 m hoher Aufzug<\/li><li>seitlicher \u00dcberhang 7 m<\/li><li>max. Korblast 200 kg<\/li><li>nur mit Bediener verf\u00fcgbar<\/li><li>Betreiber+1 Person im Korb<\/li><\/ul>\t\t\t\t\t\t\t\t<\/div>\n\t\t\t\t<\/div>\n\t\t\t\t<div class=\"elementor-element elementor-element-35f82d8 elementor-widget elementor-widget-button\" data-id=\"35f82d8\" data-element_type=\"widget\" data-e-type=\"widget\" data-widget_type=\"button.default\">\n\t\t\t\t<div class=\"elementor-widget-container\">\n\t\t\t\t\t\t\t\t\t<div class=\"elementor-button-wrapper\">\n\t\t\t\t\t<a class=\"elementor-button elementor-button-link elementor-size-sm\" href=\"#elementor-action%3Aaction%3Dpopup%3Aopen%26settings%3DeyJpZCI6IjEwMTQiLCJ0b2dnbGUiOmZhbHNlfQ%3D%3D\">\n\t\t\t\t\t\t<span class=\"elementor-button-content-wrapper\">\n\t\t\t\t\t\t\t\t\t<span class=\"elementor-button-text\">Preisangebot bitten<\/span>\n\t\t\t\t\t<\/span>\n\t\t\t\t\t<\/a>\n\t\t\t\t<\/div>\n\t\t\t\t\t\t\t\t<\/div>\n\t\t\t\t<\/div>\n\t\t\t\t<\/div>\n\t\t<div class=\"elementor-element elementor-element-3bb5d4b e-con-full e-flex e-con e-child\" data-id=\"3bb5d4b\" data-element_type=\"container\" data-e-type=\"container\">\n\t\t\t\t<div class=\"elementor-element elementor-element-3ca7086 elementor-widget elementor-widget-image\" data-id=\"3ca7086\" data-element_type=\"widget\" data-e-type=\"widget\" data-widget_type=\"image.default\">\n\t\t\t\t<div class=\"elementor-widget-container\">\n\t\t\t\t\t\t\t\t\t\t\t\t\t\t\t<img loading=\"lazy\" decoding=\"async\" width=\"800\" height=\"533\" src=\"https:\/\/fazekasinsped.hu\/wp-content\/uploads\/2023\/05\/FLO4355-1024x682.jpg\" class=\"attachment-large size-large wp-image-642\" alt=\"\" srcset=\"https:\/\/fazekasinsped.hu\/wp-content\/uploads\/2023\/05\/FLO4355-1024x682.jpg 1024w, https:\/\/fazekasinsped.hu\/wp-content\/uploads\/2023\/05\/FLO4355-300x200.jpg 300w, https:\/\/fazekasinsped.hu\/wp-content\/uploads\/2023\/05\/FLO4355-768x511.jpg 768w, https:\/\/fazekasinsped.hu\/wp-content\/uploads\/2023\/05\/FLO4355-1536x1023.jpg 1536w, https:\/\/fazekasinsped.hu\/wp-content\/uploads\/2023\/05\/FLO4355-2048x1363.jpg 2048w, https:\/\/fazekasinsped.hu\/wp-content\/uploads\/2023\/05\/FLO4355-18x12.jpg 18w\" sizes=\"(max-width: 800px) 100vw, 800px\" title=\"\">\t\t\t\t\t\t\t\t\t\t\t\t\t\t\t<\/div>\n\t\t\t\t<\/div>\n\t\t\t\t<\/div>\n\t\t\t\t<\/div>\n\t\t\t\t<\/div>","protected":false},"excerpt":{"rendered":"<p>Daruz\u00e1s MAGAS szinten C\u00e9g\u00fcnk a legmegb\u00edzhat\u00f3bb \u00e9s legkorszer\u0171bb daruz\u00e1si megold\u00e1sokat k\u00edn\u00e1lja \u00fcgyfeleinek. Tapasztalt csapatunk \u00e9s modern daruz\u00f3 flott\u00e1nk r\u00e9v\u00e9n k\u00e9pesek vagyunk kiel\u00e9g\u00edteni a legnagyobb \u00e9s leg\u00f6sszetettebb emel\u00e9si \u00e9s mozgat\u00e1si ig\u00e9nyeket is.\u00a0 \u00c1raj\u00e1nlatot k\u00e9rek 60 tonn\u00e1s Tadano Tadano Faun 60 tonn\u00e1s darunknak nincs akad\u00e1ly.\u00a0 48 m g\u00e9mkiny\u00fal\u00e1s talp ter\u00fclet 8*8 m 2,7 m sz\u00e9less\u00e9g \u00c1raj\u00e1nlatot k\u00e9rek [&hellip;]<\/p>","protected":false},"author":1,"featured_media":0,"parent":0,"menu_order":0,"comment_status":"closed","ping_status":"closed","template":"elementor_header_footer","meta":{"footnotes":""},"class_list":["post-241","page","type-page","status-publish","hentry"],"_links":{"self":[{"href":"https:\/\/fazekasinsped.hu\/de\/wp-json\/wp\/v2\/pages\/241","targetHints":{"allow":["GET"]}}],"collection":[{"href":"https:\/\/fazekasinsped.hu\/de\/wp-json\/wp\/v2\/pages"}],"about":[{"href":"https:\/\/fazekasinsped.hu\/de\/wp-json\/wp\/v2\/types\/page"}],"author":[{"embeddable":true,"href":"https:\/\/fazekasinsped.hu\/de\/wp-json\/wp\/v2\/users\/1"}],"replies":[{"embeddable":true,"href":"https:\/\/fazekasinsped.hu\/de\/wp-json\/wp\/v2\/comments?post=241"}],"version-history":[{"count":8,"href":"https:\/\/fazekasinsped.hu\/de\/wp-json\/wp\/v2\/pages\/241\/revisions"}],"predecessor-version":[{"id":1371,"href":"https:\/\/fazekasinsped.hu\/de\/wp-json\/wp\/v2\/pages\/241\/revisions\/1371"}],"wp:attachment":[{"href":"https:\/\/fazekasinsped.hu\/de\/wp-json\/wp\/v2\/media?parent=241"}],"curies":[{"name":"wp","href":"https:\/\/api.w.org\/{rel}","templated":true}]}}