{"id":245,"date":"2023-04-19T15:34:21","date_gmt":"2023-04-19T15:34:21","guid":{"rendered":"https:\/\/fazekasinsped.hu\/?page_id=245"},"modified":"2024-12-10T16:30:54","modified_gmt":"2024-12-10T15:30:54","slug":"javitas","status":"publish","type":"page","link":"https:\/\/fazekasinsped.hu\/de\/javitas\/","title":{"rendered":"Service"},"content":{"rendered":"<div data-elementor-type=\"wp-page\" data-elementor-id=\"245\" class=\"elementor elementor-245\" data-elementor-post-type=\"page\">\n\t\t\t\t<div class=\"elementor-element elementor-element-e058d68 e-con-full e-flex e-con e-parent\" data-id=\"e058d68\" data-element_type=\"container\" data-e-type=\"container\" data-settings=\"{&quot;background_background&quot;:&quot;classic&quot;}\">\n\t\t<div class=\"elementor-element elementor-element-ad6df69 e-con-full e-flex e-con e-child\" data-id=\"ad6df69\" data-element_type=\"container\" data-e-type=\"container\">\n\t\t\t\t<div class=\"elementor-element elementor-element-ff96936 elementor-widget elementor-widget-heading\" data-id=\"ff96936\" data-element_type=\"widget\" data-e-type=\"widget\" data-widget_type=\"heading.default\">\n\t\t\t\t<div class=\"elementor-widget-container\">\n\t\t\t\t\t<h2 class=\"elementor-heading-title elementor-size-default\">Service<\/h2>\t\t\t\t<\/div>\n\t\t\t\t<\/div>\n\t\t\t\t<div class=\"elementor-element elementor-element-c0c8ef2 elementor-widget elementor-widget-text-editor\" data-id=\"c0c8ef2\" data-element_type=\"widget\" data-e-type=\"widget\" data-widget_type=\"text-editor.default\">\n\t\t\t\t<div class=\"elementor-widget-container\">\n\t\t\t\t\t\t\t\t\t<p><span style=\"color: #002060;\">Unser Serviceunternehmen F\u00fcredscan Kft befindet sich in Balatonf\u00fcred. Wir warten hier ausschlie\u00dflich schwere Fahrzeuge und f\u00fchren auf Wunsch auch gr\u00f6\u00dfere Reparaturen durch. Unsere 6-stufige Servicehalle ist mit modernen Werkzeugen ausgestattet. Wir verf\u00fcgen \u00fcber ein eigenes Ersatzteillager und arbeiten mit Tausenden von Artikeln. Nat\u00fcrlich k\u00f6nnen wir auch andere Teile innerhalb von 1-2 Tagen liefern, dank unserer gut etablierten Partnerbeziehungen.<\/span><\/p>\t\t\t\t\t\t\t\t<\/div>\n\t\t\t\t<\/div>\n\t\t\t\t<\/div>\n\t\t<div class=\"elementor-element elementor-element-3f64986 e-con-full e-flex e-con e-child\" data-id=\"3f64986\" data-element_type=\"container\" data-e-type=\"container\">\n\t\t\t\t<div class=\"elementor-element elementor-element-4464036 elementor-widget elementor-widget-image\" data-id=\"4464036\" data-element_type=\"widget\" data-e-type=\"widget\" data-widget_type=\"image.default\">\n\t\t\t\t<div class=\"elementor-widget-container\">\n\t\t\t\t\t\t\t\t\t\t\t\t\t\t\t<img fetchpriority=\"high\" decoding=\"async\" width=\"800\" height=\"600\" src=\"https:\/\/fazekasinsped.hu\/wp-content\/uploads\/2023\/05\/20230522_095827-1024x768.jpg\" class=\"attachment-large size-large wp-image-827\" alt=\"\" srcset=\"https:\/\/fazekasinsped.hu\/wp-content\/uploads\/2023\/05\/20230522_095827-1024x768.jpg 1024w, https:\/\/fazekasinsped.hu\/wp-content\/uploads\/2023\/05\/20230522_095827-300x225.jpg 300w, https:\/\/fazekasinsped.hu\/wp-content\/uploads\/2023\/05\/20230522_095827-768x576.jpg 768w, https:\/\/fazekasinsped.hu\/wp-content\/uploads\/2023\/05\/20230522_095827-1536x1152.jpg 1536w, https:\/\/fazekasinsped.hu\/wp-content\/uploads\/2023\/05\/20230522_095827-2048x1536.jpg 2048w, https:\/\/fazekasinsped.hu\/wp-content\/uploads\/2023\/05\/20230522_095827-16x12.jpg 16w\" sizes=\"(max-width: 800px) 100vw, 800px\" title=\"\">\t\t\t\t\t\t\t\t\t\t\t\t\t\t\t<\/div>\n\t\t\t\t<\/div>\n\t\t\t\t<\/div>\n\t\t\t\t<\/div>\n\t\t<div class=\"elementor-element elementor-element-6d6efd4 e-flex e-con-boxed e-con e-parent\" data-id=\"6d6efd4\" data-element_type=\"container\" data-e-type=\"container\">\n\t\t\t\t\t<div class=\"e-con-inner\">\n\t\t<div class=\"elementor-element elementor-element-8a1f876 e-con-full e-flex e-con e-child\" data-id=\"8a1f876\" data-element_type=\"container\" data-e-type=\"container\">\n\t\t\t\t<div class=\"elementor-element elementor-element-1577625 elementor-widget elementor-widget-heading\" data-id=\"1577625\" data-element_type=\"widget\" data-e-type=\"widget\" data-widget_type=\"heading.default\">\n\t\t\t\t<div class=\"elementor-widget-container\">\n\t\t\t\t\t<h6 class=\"elementor-heading-title elementor-size-default\">Viktor S\u00e1ri<\/h6>\t\t\t\t<\/div>\n\t\t\t\t<\/div>\n\t\t\t\t<div class=\"elementor-element elementor-element-e46d40f elementor-widget elementor-widget-text-editor\" data-id=\"e46d40f\" data-element_type=\"widget\" data-e-type=\"widget\" data-widget_type=\"text-editor.default\">\n\t\t\t\t<div class=\"elementor-widget-container\">\n\t\t\t\t\t\t\t\t\t<p><em>Lagerleiter<\/em><\/p><p>Tel: +36 30\/399-6999<\/p>\t\t\t\t\t\t\t\t<\/div>\n\t\t\t\t<\/div>\n\t\t\t\t<\/div>\n\t\t<div class=\"elementor-element elementor-element-03976d1 e-con-full e-flex e-con e-child\" data-id=\"03976d1\" data-element_type=\"container\" data-e-type=\"container\">\n\t\t\t\t<div class=\"elementor-element elementor-element-9a9de1e elementor-widget elementor-widget-heading\" data-id=\"9a9de1e\" data-element_type=\"widget\" data-e-type=\"widget\" data-widget_type=\"heading.default\">\n\t\t\t\t<div class=\"elementor-widget-container\">\n\t\t\t\t\t<h6 class=\"elementor-heading-title elementor-size-default\">R\u00f3bert Csillag<\/h6>\t\t\t\t<\/div>\n\t\t\t\t<\/div>\n\t\t\t\t<div class=\"elementor-element elementor-element-12e2791 elementor-widget elementor-widget-text-editor\" data-id=\"12e2791\" data-element_type=\"widget\" data-e-type=\"widget\" data-widget_type=\"text-editor.default\">\n\t\t\t\t<div class=\"elementor-widget-container\">\n\t\t\t\t\t\t\t\t\t<p>\u00a0\u00a0Anwerber<\/p><p>Tel: +36 30\/315-0182<\/p>\t\t\t\t\t\t\t\t<\/div>\n\t\t\t\t<\/div>\n\t\t\t\t<\/div>\n\t\t\t\t\t<\/div>\n\t\t\t\t<\/div>\n\t\t<div class=\"elementor-element elementor-element-e14e793 e-flex e-con-boxed e-con e-parent\" data-id=\"e14e793\" data-element_type=\"container\" data-e-type=\"container\">\n\t\t\t\t\t<div class=\"e-con-inner\">\n\t\t<div class=\"elementor-element elementor-element-77a8e72 e-con-full e-flex e-con e-child\" data-id=\"77a8e72\" data-element_type=\"container\" data-e-type=\"container\">\n\t\t<div class=\"elementor-element elementor-element-1a9fbed e-flex e-con-boxed e-con e-child\" data-id=\"1a9fbed\" data-element_type=\"container\" data-e-type=\"container\">\n\t\t\t\t\t<div class=\"e-con-inner\">\n\t\t\t\t<div class=\"elementor-element elementor-element-a59d6c8 elementor-widget elementor-widget-image\" data-id=\"a59d6c8\" data-element_type=\"widget\" data-e-type=\"widget\" data-widget_type=\"image.default\">\n\t\t\t\t<div class=\"elementor-widget-container\">\n\t\t\t\t\t\t\t\t\t\t\t\t\t\t\t<img decoding=\"async\" width=\"800\" height=\"600\" src=\"https:\/\/fazekasinsped.hu\/wp-content\/uploads\/2023\/05\/20230522_100024-1024x768.jpg\" class=\"attachment-large size-large wp-image-831\" alt=\"\" srcset=\"https:\/\/fazekasinsped.hu\/wp-content\/uploads\/2023\/05\/20230522_100024-1024x768.jpg 1024w, https:\/\/fazekasinsped.hu\/wp-content\/uploads\/2023\/05\/20230522_100024-300x225.jpg 300w, https:\/\/fazekasinsped.hu\/wp-content\/uploads\/2023\/05\/20230522_100024-768x576.jpg 768w, https:\/\/fazekasinsped.hu\/wp-content\/uploads\/2023\/05\/20230522_100024-1536x1152.jpg 1536w, https:\/\/fazekasinsped.hu\/wp-content\/uploads\/2023\/05\/20230522_100024-2048x1536.jpg 2048w, https:\/\/fazekasinsped.hu\/wp-content\/uploads\/2023\/05\/20230522_100024-16x12.jpg 16w\" sizes=\"(max-width: 800px) 100vw, 800px\" title=\"\">\t\t\t\t\t\t\t\t\t\t\t\t\t\t\t<\/div>\n\t\t\t\t<\/div>\n\t\t\t\t\t<\/div>\n\t\t\t\t<\/div>\n\t\t\t\t<\/div>\n\t\t<div class=\"elementor-element elementor-element-01fc4b2 e-con-full e-flex e-con e-child\" data-id=\"01fc4b2\" data-element_type=\"container\" data-e-type=\"container\">\n\t\t\t\t<div class=\"elementor-element elementor-element-ba8e489 elementor-widget elementor-widget-image\" data-id=\"ba8e489\" data-element_type=\"widget\" data-e-type=\"widget\" data-widget_type=\"image.default\">\n\t\t\t\t<div class=\"elementor-widget-container\">\n\t\t\t\t\t\t\t\t\t\t\t\t\t\t\t<img decoding=\"async\" width=\"800\" height=\"600\" src=\"https:\/\/fazekasinsped.hu\/wp-content\/uploads\/2023\/05\/20230522_095855-1024x768.jpg\" class=\"attachment-large size-large wp-image-829\" alt=\"\" srcset=\"https:\/\/fazekasinsped.hu\/wp-content\/uploads\/2023\/05\/20230522_095855-1024x768.jpg 1024w, https:\/\/fazekasinsped.hu\/wp-content\/uploads\/2023\/05\/20230522_095855-300x225.jpg 300w, https:\/\/fazekasinsped.hu\/wp-content\/uploads\/2023\/05\/20230522_095855-768x576.jpg 768w, https:\/\/fazekasinsped.hu\/wp-content\/uploads\/2023\/05\/20230522_095855-1536x1152.jpg 1536w, https:\/\/fazekasinsped.hu\/wp-content\/uploads\/2023\/05\/20230522_095855-2048x1536.jpg 2048w, https:\/\/fazekasinsped.hu\/wp-content\/uploads\/2023\/05\/20230522_095855-16x12.jpg 16w\" sizes=\"(max-width: 800px) 100vw, 800px\" title=\"\">\t\t\t\t\t\t\t\t\t\t\t\t\t\t\t<\/div>\n\t\t\t\t<\/div>\n\t\t\t\t<\/div>\n\t\t\t\t\t<\/div>\n\t\t\t\t<\/div>\n\t\t\t\t<\/div>","protected":false},"excerpt":{"rendered":"<p>Szerv\u00edz Szervizel\u00e9ssel foglalkoz\u00f3 c\u00e9g\u00fcnk a F\u00fcredscan Kft a balatonf\u00fcredi telephely\u00fcnk\u00f6n tal\u00e1lhat\u00f3. Itt kiz\u00e1r\u00f3lag neh\u00e9zj\u00e1rm\u0171vek szervizel\u00e9s\u00e9t, ig\u00e9ny szerinti fel\u00faj\u00edt\u00e1s\u00e1t v\u00e1llaljuk. 6 be\u00e1ll\u00e1sos szervizcsarnokunk modern eszk\u00f6z\u00f6kkel felszerelt. Saj\u00e1t alkatr\u00e9szrakt\u00e1rral rendelkez\u00fcnk, t\u00f6bb ezer cikksz\u00e1mmal dolgozunk. Term\u00e9szetesen 1-2 napon bel\u00fcl egy\u00e9b alkatr\u00e9szek beszerz\u00e9s\u00e9re is m\u00f3dunk ny\u00edlik, ki\u00e9p\u00fclt partnerkapcsolataink r\u00e9v\u00e9n. S\u00e1ri Viktor Rakt\u00e1rvezet\u0151 Tel: +36 30\/399-6999 Csillag R\u00f3bert \u00a0Munkafelvev\u0151 Tel: [&hellip;]<\/p>","protected":false},"author":1,"featured_media":0,"parent":0,"menu_order":0,"comment_status":"closed","ping_status":"closed","template":"elementor_header_footer","meta":{"footnotes":""},"class_list":["post-245","page","type-page","status-publish","hentry"],"_links":{"self":[{"href":"https:\/\/fazekasinsped.hu\/de\/wp-json\/wp\/v2\/pages\/245","targetHints":{"allow":["GET"]}}],"collection":[{"href":"https:\/\/fazekasinsped.hu\/de\/wp-json\/wp\/v2\/pages"}],"about":[{"href":"https:\/\/fazekasinsped.hu\/de\/wp-json\/wp\/v2\/types\/page"}],"author":[{"embeddable":true,"href":"https:\/\/fazekasinsped.hu\/de\/wp-json\/wp\/v2\/users\/1"}],"replies":[{"embeddable":true,"href":"https:\/\/fazekasinsped.hu\/de\/wp-json\/wp\/v2\/comments?post=245"}],"version-history":[{"count":8,"href":"https:\/\/fazekasinsped.hu\/de\/wp-json\/wp\/v2\/pages\/245\/revisions"}],"predecessor-version":[{"id":1323,"href":"https:\/\/fazekasinsped.hu\/de\/wp-json\/wp\/v2\/pages\/245\/revisions\/1323"}],"wp:attachment":[{"href":"https:\/\/fazekasinsped.hu\/de\/wp-json\/wp\/v2\/media?parent=245"}],"curies":[{"name":"wp","href":"https:\/\/api.w.org\/{rel}","templated":true}]}}