{"id":7,"date":"2023-04-18T14:48:02","date_gmt":"2023-04-18T14:48:02","guid":{"rendered":"https:\/\/fazekasinsped.hu\/?page_id=7"},"modified":"2025-11-22T06:04:06","modified_gmt":"2025-11-22T05:04:06","slug":"kezdolap","status":"publish","type":"page","link":"https:\/\/fazekasinsped.hu\/de\/","title":{"rendered":"Hauptseite"},"content":{"rendered":"<div data-elementor-type=\"wp-page\" data-elementor-id=\"7\" class=\"elementor elementor-7\" data-elementor-post-type=\"page\">\n\t\t\t\t<div class=\"elementor-element elementor-element-c326df2 e-con-full e-flex e-con e-parent\" data-id=\"c326df2\" data-element_type=\"container\" data-e-type=\"container\" data-settings=\"{&quot;background_background&quot;:&quot;classic&quot;,&quot;shape_divider_bottom&quot;:&quot;opacity-tilt&quot;}\">\n\t\t\t\t<div class=\"elementor-shape elementor-shape-bottom\" aria-hidden=\"true\" data-negative=\"false\">\n\t\t\t<svg xmlns=\"http:\/\/www.w3.org\/2000\/svg\" viewbox=\"0 0 2600 131.1\" preserveaspectratio=\"none\">\n\t<path class=\"elementor-shape-fill\" d=\"M0 0L2600 0 2600 69.1 0 0z\"\/>\n\t<path class=\"elementor-shape-fill\" style=\"opacity:0.5\" d=\"M0 0L2600 0 2600 69.1 0 69.1z\"\/>\n\t<path class=\"elementor-shape-fill\" style=\"opacity:0.25\" d=\"M2600 0L0 0 0 130.1 2600 69.1z\"\/>\n<\/svg>\t\t<\/div>\n\t\t\t\t<div class=\"elementor-element elementor-element-b0d00c6 elementor-widget__width-inherit elementor--h-position-center elementor--v-position-middle elementor-widget elementor-widget-slides\" data-id=\"b0d00c6\" data-element_type=\"widget\" data-e-type=\"widget\" data-settings=\"{&quot;navigation&quot;:&quot;none&quot;,&quot;transition&quot;:&quot;fade&quot;,&quot;autoplay_speed&quot;:3000,&quot;autoplay&quot;:&quot;yes&quot;,&quot;pause_on_hover&quot;:&quot;yes&quot;,&quot;pause_on_interaction&quot;:&quot;yes&quot;,&quot;infinite&quot;:&quot;yes&quot;,&quot;transition_speed&quot;:500}\" data-widget_type=\"slides.default\">\n\t\t\t\t<div class=\"elementor-widget-container\">\n\t\t\t\t\t\t\t\t\t<div class=\"elementor-swiper\">\n\t\t\t\t\t<div class=\"elementor-slides-wrapper elementor-main-swiper swiper\" role=\"region\" aria-roledescription=\"carousel\" aria-label=\"Di\u00e1k\" dir=\"ltr\" data-animation=\"zoomIn\">\n\t\t\t\t<div class=\"swiper-wrapper elementor-slides\">\n\t\t\t\t\t\t\t\t\t\t<div class=\"elementor-repeater-item-1da48b2 swiper-slide\" role=\"group\" aria-roledescription=\"slide\"><div class=\"swiper-slide-bg elementor-ken-burns elementor-ken-burns--in\" role=\"img\" aria-label=\"280869411_7478186505557363_4810116909699538898_n\"><\/div><div class=\"swiper-slide-inner\" ><div class=\"swiper-slide-contents\"><\/div><\/div><\/div><div class=\"elementor-repeater-item-1047deb swiper-slide\" role=\"group\" aria-roledescription=\"slide\"><div class=\"swiper-slide-bg elementor-ken-burns elementor-ken-burns--out\" role=\"img\" aria-label=\"fazekas_insped_vegleges (37)\"><\/div><div class=\"swiper-slide-inner\" ><div class=\"swiper-slide-contents\"><\/div><\/div><\/div><div class=\"elementor-repeater-item-eddeb20 swiper-slide\" role=\"group\" aria-roledescription=\"slide\"><div class=\"swiper-slide-bg elementor-ken-burns elementor-ken-burns--in\" role=\"img\" aria-label=\"fazekas_insped_vegleges (1)_RET\"><\/div><div class=\"swiper-slide-inner\" ><div class=\"swiper-slide-contents\"><\/div><\/div><\/div><div class=\"elementor-repeater-item-0619036 swiper-slide\" role=\"group\" aria-roledescription=\"slide\"><div class=\"swiper-slide-bg elementor-ken-burns elementor-ken-burns--in\" role=\"img\" aria-label=\"BBY_1287\"><\/div><div class=\"swiper-slide-inner\" ><div class=\"swiper-slide-contents\"><\/div><\/div><\/div><div class=\"elementor-repeater-item-0b28968 swiper-slide\" role=\"group\" aria-roledescription=\"slide\"><div class=\"swiper-slide-bg elementor-ken-burns elementor-ken-burns--out\" role=\"img\" aria-label=\"BBY_1297\"><\/div><div class=\"swiper-slide-inner\" ><div class=\"swiper-slide-contents\"><\/div><\/div><\/div><div class=\"elementor-repeater-item-a72c5d5 swiper-slide\" role=\"group\" aria-roledescription=\"slide\"><div class=\"swiper-slide-bg elementor-ken-burns elementor-ken-burns--in\" role=\"img\" aria-label=\"mont_1_2\"><\/div><div class=\"swiper-slide-inner\" ><div class=\"swiper-slide-contents\"><\/div><\/div><\/div>\t\t\t\t<\/div>\n\t\t\t\t\t\t\t\t\t\t\t\t\t\t\t\t\t\t\t\t\t<\/div>\n\t\t\t\t<\/div>\n\t\t\t\t\t\t\t\t<\/div>\n\t\t\t\t<\/div>\n\t\t\t\t<\/div>\n\t\t<div class=\"elementor-element elementor-element-72cccaae e-con-full e-flex e-con e-parent\" data-id=\"72cccaae\" data-element_type=\"container\" data-e-type=\"container\" data-settings=\"{&quot;background_background&quot;:&quot;classic&quot;}\">\n\t\t<div class=\"elementor-element elementor-element-6ebb74ec e-con-full e-flex e-con e-child\" data-id=\"6ebb74ec\" data-element_type=\"container\" data-e-type=\"container\">\n\t\t\t\t<div class=\"elementor-element elementor-element-66d871d2 elementor-widget elementor-widget-image\" data-id=\"66d871d2\" data-element_type=\"widget\" data-e-type=\"widget\" data-widget_type=\"image.default\">\n\t\t\t\t<div class=\"elementor-widget-container\">\n\t\t\t\t\t\t\t\t\t\t\t\t\t\t\t<img fetchpriority=\"high\" decoding=\"async\" width=\"800\" height=\"534\" src=\"https:\/\/fazekasinsped.hu\/wp-content\/uploads\/2023\/05\/fazekas_insped_vegleges-1_RET-1024x683.webp\" class=\"attachment-large size-large wp-image-468\" alt=\"\" srcset=\"https:\/\/fazekasinsped.hu\/wp-content\/uploads\/2023\/05\/fazekas_insped_vegleges-1_RET-1024x683.webp 1024w, https:\/\/fazekasinsped.hu\/wp-content\/uploads\/2023\/05\/fazekas_insped_vegleges-1_RET-300x200.webp 300w, https:\/\/fazekasinsped.hu\/wp-content\/uploads\/2023\/05\/fazekas_insped_vegleges-1_RET-768x512.webp 768w, https:\/\/fazekasinsped.hu\/wp-content\/uploads\/2023\/05\/fazekas_insped_vegleges-1_RET-1536x1024.webp 1536w, https:\/\/fazekasinsped.hu\/wp-content\/uploads\/2023\/05\/fazekas_insped_vegleges-1_RET-2048x1366.webp 2048w, https:\/\/fazekasinsped.hu\/wp-content\/uploads\/2023\/05\/fazekas_insped_vegleges-1_RET-18x12.webp 18w\" sizes=\"(max-width: 800px) 100vw, 800px\" title=\"\">\t\t\t\t\t\t\t\t\t\t\t\t\t\t\t<\/div>\n\t\t\t\t<\/div>\n\t\t\t\t<\/div>\n\t\t<div class=\"elementor-element elementor-element-3ef381ae e-con-full e-flex e-con e-child\" data-id=\"3ef381ae\" data-element_type=\"container\" data-e-type=\"container\">\n\t\t\t\t<div class=\"elementor-element elementor-element-3afebdcc elementor-widget elementor-widget-heading\" data-id=\"3afebdcc\" data-element_type=\"widget\" data-e-type=\"widget\" data-widget_type=\"heading.default\">\n\t\t\t\t<div class=\"elementor-widget-container\">\n\t\t\t\t\t<h1 class=\"elementor-heading-title elementor-size-default\">Der Transport<\/h1>\t\t\t\t<\/div>\n\t\t\t\t<\/div>\n\t\t\t\t<div class=\"elementor-element elementor-element-3a1e601 elementor-widget elementor-widget-heading\" data-id=\"3a1e601\" data-element_type=\"widget\" data-e-type=\"widget\" data-widget_type=\"heading.default\">\n\t\t\t\t<div class=\"elementor-widget-container\">\n\t\t\t\t\t<h4 class=\"elementor-heading-title elementor-size-default\">IST UNSERE WELT<\/h4>\t\t\t\t<\/div>\n\t\t\t\t<\/div>\n\t\t\t\t<div class=\"elementor-element elementor-element-6f14f570 elementor-widget elementor-widget-text-editor\" data-id=\"6f14f570\" data-element_type=\"widget\" data-e-type=\"widget\" data-widget_type=\"text-editor.default\">\n\t\t\t\t<div class=\"elementor-widget-container\">\n\t\t\t\t\t\t\t\t\t<p class=\"p1\">Qualit\u00e4t, Zuverl\u00e4ssigkeit, Stabilit\u00e4t, Genauigkeit, Sicherheit, ein modernes Arbeitsumfeld - das sind die Werte, die unsere Dienstleistungen in ganz Europa kennzeichnen.<\/p>\t\t\t\t\t\t\t\t<\/div>\n\t\t\t\t<\/div>\n\t\t\t\t<\/div>\n\t\t\t\t<\/div>\n\t\t<div class=\"elementor-element elementor-element-3eba2cec e-con-full e-flex e-con e-parent\" data-id=\"3eba2cec\" data-element_type=\"container\" data-e-type=\"container\" data-settings=\"{&quot;background_background&quot;:&quot;classic&quot;}\">\n\t\t<div class=\"elementor-element elementor-element-1391a4cb e-con-full e-flex e-con e-child\" data-id=\"1391a4cb\" data-element_type=\"container\" data-e-type=\"container\">\n\t\t\t\t<div class=\"elementor-element elementor-element-36f45f15 elementor-widget elementor-widget-heading\" data-id=\"36f45f15\" data-element_type=\"widget\" data-e-type=\"widget\" data-widget_type=\"heading.default\">\n\t\t\t\t<div class=\"elementor-widget-container\">\n\t\t\t\t\t<h2 class=\"elementor-heading-title elementor-size-default\">Internationaler Verkehr<\/h2>\t\t\t\t<\/div>\n\t\t\t\t<\/div>\n\t\t\t\t<div class=\"elementor-element elementor-element-355b42cb elementor-widget elementor-widget-text-editor\" data-id=\"355b42cb\" data-element_type=\"widget\" data-e-type=\"widget\" data-widget_type=\"text-editor.default\">\n\t\t\t\t<div class=\"elementor-widget-container\">\n\t\t\t\t\t\t\t\t\t<p class=\"p1\">60 Scania-Zugmaschinen und 60 Schwarzm\u00fcller-Anh\u00e4nger sind mit Fazekas Insped auf den Stra\u00dfen Europas unterwegs.<br \/>Derzeit tragen fast 100 Mitarbeiter zur Entwicklung des Unternehmens und zur Qualit\u00e4t des breiten Leistungsspektrums bei - ihr Fachwissen, ihr Engagement und ihre Zuverl\u00e4ssigkeit sind die Grundlage f\u00fcr die Qualit\u00e4t, Pr\u00e4zision, Sicherheit und Wirtschaftlichkeit, die Fazekas Insped Kft. auszeichnen.<\/p>\t\t\t\t\t\t\t\t<\/div>\n\t\t\t\t<\/div>\n\t\t\t\t<\/div>\n\t\t<div class=\"elementor-element elementor-element-106ec6c1 e-con-full e-flex e-con e-child\" data-id=\"106ec6c1\" data-element_type=\"container\" data-e-type=\"container\">\n\t\t\t\t<div class=\"elementor-element elementor-element-1cd028d7 elementor-widget elementor-widget-image\" data-id=\"1cd028d7\" data-element_type=\"widget\" data-e-type=\"widget\" data-widget_type=\"image.default\">\n\t\t\t\t<div class=\"elementor-widget-container\">\n\t\t\t\t\t\t\t\t\t\t\t\t\t\t\t<img decoding=\"async\" width=\"800\" height=\"534\" src=\"https:\/\/fazekasinsped.hu\/wp-content\/uploads\/2023\/05\/fazekas_insped_vegleges-37-1024x684.webp\" class=\"attachment-large size-large wp-image-470\" alt=\"\" srcset=\"https:\/\/fazekasinsped.hu\/wp-content\/uploads\/2023\/05\/fazekas_insped_vegleges-37-1024x684.webp 1024w, https:\/\/fazekasinsped.hu\/wp-content\/uploads\/2023\/05\/fazekas_insped_vegleges-37-300x200.webp 300w, https:\/\/fazekasinsped.hu\/wp-content\/uploads\/2023\/05\/fazekas_insped_vegleges-37-768x513.webp 768w, https:\/\/fazekasinsped.hu\/wp-content\/uploads\/2023\/05\/fazekas_insped_vegleges-37-1536x1025.webp 1536w, https:\/\/fazekasinsped.hu\/wp-content\/uploads\/2023\/05\/fazekas_insped_vegleges-37-2048x1367.webp 2048w, https:\/\/fazekasinsped.hu\/wp-content\/uploads\/2023\/05\/fazekas_insped_vegleges-37-18x12.webp 18w\" sizes=\"(max-width: 800px) 100vw, 800px\" title=\"\">\t\t\t\t\t\t\t\t\t\t\t\t\t\t\t<\/div>\n\t\t\t\t<\/div>\n\t\t\t\t<\/div>\n\t\t\t\t<\/div>\n\t\t<div class=\"elementor-element elementor-element-429c4b3e e-con-full e-flex e-con e-parent\" data-id=\"429c4b3e\" data-element_type=\"container\" data-e-type=\"container\" data-settings=\"{&quot;background_background&quot;:&quot;classic&quot;}\">\n\t\t<div class=\"elementor-element elementor-element-50325fe7 e-con-full e-flex e-con e-child\" data-id=\"50325fe7\" data-element_type=\"container\" data-e-type=\"container\">\n\t\t\t\t<div class=\"elementor-element elementor-element-5da4c5b7 elementor-widget elementor-widget-heading\" data-id=\"5da4c5b7\" data-element_type=\"widget\" data-e-type=\"widget\" data-widget_type=\"heading.default\">\n\t\t\t\t<div class=\"elementor-widget-container\">\n\t\t\t\t\t<h2 class=\"elementor-heading-title elementor-size-default\">Innovation<\/h2>\t\t\t\t<\/div>\n\t\t\t\t<\/div>\n\t\t\t\t<div class=\"elementor-element elementor-element-1972e9ea elementor-widget elementor-widget-text-editor\" data-id=\"1972e9ea\" data-element_type=\"widget\" data-e-type=\"widget\" data-widget_type=\"text-editor.default\">\n\t\t\t\t<div class=\"elementor-widget-container\">\n\t\t\t\t\t\t\t\t\t<p class=\"p1\">Wir haben uns zum Ziel gesetzt, neue Ma\u00dfst\u00e4be im Transportwesen zu setzen, die auf einem hervorragenden Fuhrpark und st\u00e4ndiger Kommunikation basieren. Wir beweisen unseren Partnern immer wieder, dass wir das Unternehmen der Wahl sind.<\/p>\t\t\t\t\t\t\t\t<\/div>\n\t\t\t\t<\/div>\n\t\t\t\t<\/div>\n\t\t<div class=\"elementor-element elementor-element-542bd342 e-con-full e-flex e-con e-child\" data-id=\"542bd342\" data-element_type=\"container\" data-e-type=\"container\">\n\t\t\t\t<div class=\"elementor-element elementor-element-386a3a4d elementor-widget elementor-widget-image\" data-id=\"386a3a4d\" data-element_type=\"widget\" data-e-type=\"widget\" data-widget_type=\"image.default\">\n\t\t\t\t<div class=\"elementor-widget-container\">\n\t\t\t\t\t\t\t\t\t\t\t\t\t\t\t<img decoding=\"async\" width=\"800\" height=\"534\" src=\"https:\/\/fazekasinsped.hu\/wp-content\/uploads\/2023\/05\/fazekas_insped_vegleges-31-1024x684.webp\" class=\"attachment-large size-large wp-image-471\" alt=\"\" srcset=\"https:\/\/fazekasinsped.hu\/wp-content\/uploads\/2023\/05\/fazekas_insped_vegleges-31-1024x684.webp 1024w, https:\/\/fazekasinsped.hu\/wp-content\/uploads\/2023\/05\/fazekas_insped_vegleges-31-300x200.webp 300w, https:\/\/fazekasinsped.hu\/wp-content\/uploads\/2023\/05\/fazekas_insped_vegleges-31-768x513.webp 768w, https:\/\/fazekasinsped.hu\/wp-content\/uploads\/2023\/05\/fazekas_insped_vegleges-31-1536x1025.webp 1536w, https:\/\/fazekasinsped.hu\/wp-content\/uploads\/2023\/05\/fazekas_insped_vegleges-31-2048x1367.webp 2048w, https:\/\/fazekasinsped.hu\/wp-content\/uploads\/2023\/05\/fazekas_insped_vegleges-31-18x12.webp 18w\" sizes=\"(max-width: 800px) 100vw, 800px\" title=\"\">\t\t\t\t\t\t\t\t\t\t\t\t\t\t\t<\/div>\n\t\t\t\t<\/div>\n\t\t\t\t<\/div>\n\t\t\t\t<\/div>\n\t\t<div class=\"elementor-element elementor-element-1858e86 e-con-full e-flex e-con e-parent\" data-id=\"1858e86\" data-element_type=\"container\" data-e-type=\"container\" data-settings=\"{&quot;background_background&quot;:&quot;classic&quot;}\">\n\t\t<div class=\"elementor-element elementor-element-9ad4890 e-con-full e-flex e-con e-child\" data-id=\"9ad4890\" data-element_type=\"container\" data-e-type=\"container\">\n\t\t\t\t<div class=\"elementor-element elementor-element-12cf48df elementor-widget elementor-widget-heading\" data-id=\"12cf48df\" data-element_type=\"widget\" data-e-type=\"widget\" data-widget_type=\"heading.default\">\n\t\t\t\t<div class=\"elementor-widget-container\">\n\t\t\t\t\t<h2 class=\"elementor-heading-title elementor-size-default\">Leistung, Zuverl\u00e4ssigkeit<\/h2>\t\t\t\t<\/div>\n\t\t\t\t<\/div>\n\t\t\t\t<div class=\"elementor-element elementor-element-50981725 elementor-widget elementor-widget-text-editor\" data-id=\"50981725\" data-element_type=\"widget\" data-e-type=\"widget\" data-widget_type=\"text-editor.default\">\n\t\t\t\t<div class=\"elementor-widget-container\">\n\t\t\t\t\t\t\t\t\t<p>Wir planen langfristig: Unsere Vision ist es, unser Familienunternehmen auf der Grundlage unserer Werte und der Erfahrungen aus der Vergangenheit aufzubauen und weiterzuentwickeln. Die Gew\u00e4hrleistung eines stabilen Hintergrunds ist auch f\u00fcr den Lebensunterhalt unserer Mitarbeiter wichtig und hat f\u00fcr uns stets Priorit\u00e4t. Ob es sich um einen unserer Standorte oder einen unserer Lastwagen handelt, wir werden uns weiterhin um Zuverl\u00e4ssigkeit bem\u00fchen.<\/p>\t\t\t\t\t\t\t\t<\/div>\n\t\t\t\t<\/div>\n\t\t\t\t<\/div>\n\t\t<div class=\"elementor-element elementor-element-3699acbf e-con-full e-flex e-con e-child\" data-id=\"3699acbf\" data-element_type=\"container\" data-e-type=\"container\">\n\t\t\t\t<div class=\"elementor-element elementor-element-56914903 elementor-widget elementor-widget-image\" data-id=\"56914903\" data-element_type=\"widget\" data-e-type=\"widget\" data-widget_type=\"image.default\">\n\t\t\t\t<div class=\"elementor-widget-container\">\n\t\t\t\t\t\t\t\t\t\t\t\t\t\t\t<img loading=\"lazy\" decoding=\"async\" width=\"800\" height=\"534\" src=\"https:\/\/fazekasinsped.hu\/wp-content\/uploads\/2023\/04\/fazekas_insped_vegleges-43-1024x684.webp\" class=\"attachment-large size-large wp-image-170\" alt=\"\" srcset=\"https:\/\/fazekasinsped.hu\/wp-content\/uploads\/2023\/04\/fazekas_insped_vegleges-43-1024x684.webp 1024w, https:\/\/fazekasinsped.hu\/wp-content\/uploads\/2023\/04\/fazekas_insped_vegleges-43-300x200.webp 300w, https:\/\/fazekasinsped.hu\/wp-content\/uploads\/2023\/04\/fazekas_insped_vegleges-43-768x513.webp 768w, https:\/\/fazekasinsped.hu\/wp-content\/uploads\/2023\/04\/fazekas_insped_vegleges-43-1536x1025.webp 1536w, https:\/\/fazekasinsped.hu\/wp-content\/uploads\/2023\/04\/fazekas_insped_vegleges-43-2048x1367.webp 2048w, https:\/\/fazekasinsped.hu\/wp-content\/uploads\/2023\/04\/fazekas_insped_vegleges-43-18x12.webp 18w\" sizes=\"(max-width: 800px) 100vw, 800px\" title=\"\">\t\t\t\t\t\t\t\t\t\t\t\t\t\t\t<\/div>\n\t\t\t\t<\/div>\n\t\t\t\t<\/div>\n\t\t\t\t<\/div>\n\t\t<div class=\"elementor-element elementor-element-3c7fa47 e-flex e-con-boxed e-con e-parent\" data-id=\"3c7fa47\" data-element_type=\"container\" data-e-type=\"container\">\n\t\t\t\t\t<div class=\"e-con-inner\">\n\t\t\t\t<div class=\"elementor-element elementor-element-a6a5c9e elementor-widget elementor-widget-text-editor\" data-id=\"a6a5c9e\" data-element_type=\"widget\" data-e-type=\"widget\" data-widget_type=\"text-editor.default\">\n\t\t\t\t<div class=\"elementor-widget-container\">\n\t\t\t\t\t\t\t\t\t<p><b>Panaszkezel\u00e9s:<\/b><br \/>T\u00f6rt\u00e9nhet emailben a <i>panaszkezeles@fazekasinsped.hu<\/i> c\u00edmre vagy szem\u00e9lyesen jegyz\u0151k\u00f6nyvbe mondhat\u00f3 Drum J\u00f3zsef munkat\u00e1rsat megkeresve.<\/p>\t\t\t\t\t\t\t\t<\/div>\n\t\t\t\t<\/div>\n\t\t\t\t\t<\/div>\n\t\t\t\t<\/div>\n\t\t\t\t<\/div>","protected":false},"excerpt":{"rendered":"<p>A sz\u00e1ll\u00edtm\u00e1nyoz\u00e1s A MI VIL\u00c1GUNK Min\u0151s\u00e9g, megb\u00edzhat\u00f3s\u00e1g, stabilit\u00e1s, pontoss\u00e1g, biztons\u00e1g, korszer\u0171 munkak\u00f6rnyezet \u2013 ezek az \u00e9rt\u00e9kek jellemzik c\u00e9g\u00fcnk Eur\u00f3pa-szerte ig\u00e9nybe vett szolg\u00e1ltat\u00e1sait. Nemzetk\u00f6zi fuvaroz\u00e1s 60 darab Scania vontat\u00f3 \u00e9s 60 Schwarzm\u00fcller p\u00f3tkocsi r\u00f3ja Eur\u00f3pa \u00fatjait a Fazekas Insped k\u00f6tel\u00e9k\u00e9ben.A c\u00e9g fejl\u0151d\u00e9s\u00e9hez, a sokr\u00e9t\u0171 szolg\u00e1ltat\u00e1sok sz\u00ednvonal\u00e1hoz jelenleg k\u00f6zel 100 munkav\u00e1llal\u00f3 j\u00e1rul hozz\u00e1 \u2013 szak\u00e9rtelm\u00fcknek, elhivatotts\u00e1guknak \u00e9s [&hellip;]<\/p>","protected":false},"author":1,"featured_media":0,"parent":0,"menu_order":0,"comment_status":"closed","ping_status":"closed","template":"elementor_header_footer","meta":{"footnotes":""},"class_list":["post-7","page","type-page","status-publish","hentry"],"_links":{"self":[{"href":"https:\/\/fazekasinsped.hu\/de\/wp-json\/wp\/v2\/pages\/7","targetHints":{"allow":["GET"]}}],"collection":[{"href":"https:\/\/fazekasinsped.hu\/de\/wp-json\/wp\/v2\/pages"}],"about":[{"href":"https:\/\/fazekasinsped.hu\/de\/wp-json\/wp\/v2\/types\/page"}],"author":[{"embeddable":true,"href":"https:\/\/fazekasinsped.hu\/de\/wp-json\/wp\/v2\/users\/1"}],"replies":[{"embeddable":true,"href":"https:\/\/fazekasinsped.hu\/de\/wp-json\/wp\/v2\/comments?post=7"}],"version-history":[{"count":29,"href":"https:\/\/fazekasinsped.hu\/de\/wp-json\/wp\/v2\/pages\/7\/revisions"}],"predecessor-version":[{"id":1425,"href":"https:\/\/fazekasinsped.hu\/de\/wp-json\/wp\/v2\/pages\/7\/revisions\/1425"}],"wp:attachment":[{"href":"https:\/\/fazekasinsped.hu\/de\/wp-json\/wp\/v2\/media?parent=7"}],"curies":[{"name":"wp","href":"https:\/\/api.w.org\/{rel}","templated":true}]}}